{"id":1518,"date":"2025-04-03T10:15:40","date_gmt":"2025-04-03T10:15:40","guid":{"rendered":"https:\/\/millyrooms.it\/privacy-policy\/"},"modified":"2025-05-29T14:43:37","modified_gmt":"2025-05-29T14:43:37","slug":"privacy-policy","status":"publish","type":"page","link":"https:\/\/millyrooms.it\/de\/privacy-policy\/","title":{"rendered":"Privacy Policy"},"content":{"rendered":"\n<div class=\"wp-block-uagb-container uagb-block-7cba4f12 alignfull uagb-is-root-container\"><div class=\"uagb-container-inner-blocks-wrap\">\n<h1 class=\"privacy-policy-h1\">Datenschutzrichtlinie<\/h1>\n<p>Letzte Aktualisierung: 01.06.2025\n<br\/><span>Datum des Inkrafttretens: 01.06.2025<\/span><br\/>\n<\/p>\n\n\n<p class=\"privacy-policy-p\">Diese Datenschutzrichtlinie beschreibt die Richtlinien von Milly Rooms, Via Meinardo, 6, Celle Ligure, SV, Savona 17015, Italien, E-Mail: millyroomscelleligure@gmail.com, Telefon: +393896557599, in Bezug auf die Erhebung, Nutzung und Offenlegung von Daten, die wir bei der Nutzung unserer Website (https:\/\/millyrooms.it) (der \u201eDienst\u201c) erheben. Durch den Zugriff auf oder die Nutzung des Dienstes stimmen Sie der Erhebung, Nutzung und Offenlegung Ihrer Daten gem\u00e4\u00df dieser Datenschutzrichtlinie zu. Sollten Sie nicht damit einverstanden sein, greifen Sie bitte nicht auf den Dienst zu und nutzen Sie ihn nicht.  <\/p>\n\n<p class=\"privacy-policy-p\">Wir k\u00f6nnen diese Datenschutzrichtlinie jederzeit ohne vorherige Ank\u00fcndigung \u00e4ndern und werden die aktualisierte Version auf dem Dienst ver\u00f6ffentlichen. Die neue Richtlinie tritt 180 Tage nach ihrer Ver\u00f6ffentlichung auf dem Dienst in Kraft. Ihre fortgesetzte Nutzung gilt als Zustimmung zu den neuen Richtlinien. Wir empfehlen Ihnen daher, diese Seite regelm\u00e4\u00dfig zu \u00fcberpr\u00fcfen.  <\/p>\n\n<ol class=\"privacy-policy-ol\">\n    <li>\n        <h2 class=\"privacy-policy-h2\">Von uns erhobene Informationen:<\/h2>\n        <p class=\"privacy-policy-p\">Wir erheben und verarbeiten folgende personenbezogene Daten \u00fcber Sie:<\/p>\n        <ol class=\"privacy-policy-ol\">\n            <li>Name<\/li>\n            <li>E-Mail-Adresse<\/li>\n        <\/ol>\n    <\/li>\n\n    <li>\n        <h2 class=\"privacy-policy-h2\">Wie wir Ihre Daten verwenden:<\/h2>\n        <p class=\"privacy-policy-p\">Wir verwenden die \u00fcber Sie erhobenen Daten f\u00fcr folgende Zwecke:<\/p>\n        <ol class=\"privacy-policy-ol\">\n            <li>Support <br\/><\/li>\n        <\/ol>\n        <p class=\"privacy-policy-p\">Sollten wir Ihre Daten f\u00fcr andere Zwecke verwenden, holen wir Ihre Einwilligung ein und verwenden diese erst nach Erhalt und nur f\u00fcr die angegebenen Zwecke, es sei denn, wir sind gesetzlich dazu verpflichtet.<\/p>\n    <\/li>\n\n    <li>\n        <h2 class=\"privacy-policy-h2\">Aufbewahrung Ihrer Daten:<\/h2>\n        <p class=\"privacy-policy-p\">Wir speichern Ihre personenbezogenen Daten. E-Mails werden ausschlie\u00dflich in unserem Posteingang gespeichert und nicht weitergegeben. Wir l\u00f6schen sie regelm\u00e4\u00dfig oder bewahren sie so lange auf, wie es zur Erf\u00fcllung der in dieser Datenschutzrichtlinie beschriebenen Zwecke erforderlich ist. M\u00f6glicherweise m\u00fcssen wir bestimmte Daten l\u00e4nger aufbewahren, um rechtlichen oder buchhalterischen Anforderungen nachzukommen oder aus legitimen Gr\u00fcnden, wie beispielsweise der Geltendmachung von Rechtsanspr\u00fcchen oder der Betrugspr\u00e4vention, nachzukommen. Verbleibende und aggregierte anonyme Daten, die Sie weder direkt noch indirekt identifizieren, k\u00f6nnen unbegrenzt gespeichert werden.    <\/p>\n    <\/li>\n\n    <li>\n        <h2 class=\"privacy-policy-h2\">Ihre Rechte:<\/h2>\n        <p class=\"privacy-policy-p\">Je nach geltendem Recht haben Sie m\u00f6glicherweise das Recht auf Auskunft, Berichtigung oder L\u00f6schung Ihrer personenbezogenen Daten, auf Erhalt einer Kopie, auf Einschr\u00e4nkung oder Widerspruch gegen die aktive Verarbeitung, auf die \u00dcbertragung Ihrer personenbezogenen Daten an eine andere Stelle, auf Widerruf erteilter Einwilligungen, auf Beschwerde bei einer zust\u00e4ndigen Beh\u00f6rde sowie auf weitere gesetzlich vorgesehene Rechte. Um diese Rechte auszu\u00fcben, k\u00f6nnen Sie uns unter millyroomscelleligure@gmail.com kontaktieren. Wir werden Ihre Anfrage gem\u00e4\u00df geltendem Recht beantworten.  <\/p>\n        <p class=\"privacy-policy-p\">Bitte beachten Sie: Wenn Sie uns nicht zur Erhebung oder Verarbeitung der erforderlichen Daten erm\u00e4chtigen oder Ihre Einwilligung f\u00fcr die gew\u00fcnschten Zwecke widerrufen, k\u00f6nnen Sie m\u00f6glicherweise nicht auf die Dienste zugreifen oder diese nutzen, f\u00fcr die diese Daten angefordert wurden.<\/p>\n    <\/li>\n\n    <li>\n        <h2 class=\"privacy-policy-h2\">Cookie usw.<\/h2>\n        <p class=\"privacy-policy-p\">Weitere Informationen dar\u00fcber, wie wir diese Tracking-Technologien verwenden und welche Wahlm\u00f6glichkeiten Sie diesbez\u00fcglich haben, finden Sie in unserer <a href=\"https:\/\/millyrooms.it\/de\/cookie-policy\/\">Cookie-Richtlinie<\/a>.<\/p>\n    <\/li>\n\n    <li>\n        <h2 class=\"privacy-policy-h2\">Sicherheit:<\/h2>\n        <p class=\"privacy-policy-p\">Die Sicherheit Ihrer Daten ist uns wichtig. Wir ergreifen angemessene Ma\u00dfnahmen, um Verlust, Missbrauch oder unbefugten Zugriff zu verhindern. Angesichts der damit verbundenen Risiken k\u00f6nnen wir jedoch keine absolute Sicherheit garantieren und k\u00f6nnen daher die Sicherheit der von Ihnen an uns \u00fcbermittelten Informationen nicht gew\u00e4hrleisten. Sie tun dies auf eigenes Risiko. <\/p>\n    <\/li>\n\n    <li>\n        <h2 class=\"privacy-policy-h2\">Links Dritter und Verwendung von Informationen:<\/h2>\n        <p class=\"privacy-policy-p\">Unser Service kann Links zu Websites Dritter enthalten. Diese Datenschutzrichtlinie gilt nicht f\u00fcr die Richtlinien und Praktiken dieser Dritten, einschlie\u00dflich derjenigen, die \u00fcber einen Link im Service erreichbar sind. Wir empfehlen Ihnen dringend, die Datenschutzrichtlinien jeder von Ihnen besuchten Website zu lesen. Wir haben keinen Einfluss auf die Inhalte, Richtlinien oder Praktiken Dritter und \u00fcbernehmen keine Verantwortung daf\u00fcr.   <\/p>\n    <\/li>\n\n    <li>\n        <h2 class=\"privacy-policy-h2\">Beschwerden\/Datenschutzbeauftragter:<\/h2>\n        <p class=\"privacy-policy-p\">Bei Fragen oder Bedenken hinsichtlich unserer Verarbeitung Ihrer Daten wenden Sie sich bitte schriftlich an unseren Beschwerdebeauftragten unter Milly Rooms, Via Meinardo 6, Celle Ligure, SV, E-Mail: millyroomscelleligure@gmail.com. Wir werden Ihre Anfrage gem\u00e4\u00df geltendem Recht bearbeiten. <\/p>\n    <\/li>\n<\/ol>\n<\/div><\/div>\n","protected":false},"excerpt":{"rendered":"<p>Datenschutzrichtlinie Letzte Aktualisierung: 01.06.2025 Datum des Inkrafttretens: 01.06.2025 Diese Datenschutzrichtlinie beschreibt die Richtlinien von Milly Rooms, Via Meinardo, 6, Celle [&hellip;]<\/p>\n","protected":false},"author":1,"featured_media":0,"parent":0,"menu_order":0,"comment_status":"closed","ping_status":"closed","template":"","meta":{"_uag_custom_page_level_css":"","site-sidebar-layout":"default","site-content-layout":"","ast-site-content-layout":"","site-content-style":"default","site-sidebar-style":"default","ast-global-header-display":"","ast-banner-title-visibility":"","ast-main-header-display":"","ast-hfb-above-header-display":"","ast-hfb-below-header-display":"","ast-hfb-mobile-header-display":"","site-post-title":"disabled","ast-breadcrumbs-content":"","ast-featured-img":"","footer-sml-layout":"","theme-transparent-header-meta":"","adv-header-id-meta":"","stick-header-meta":"","header-above-stick-meta":"","header-main-stick-meta":"","header-below-stick-meta":"","astra-migrate-meta-layouts":"default","ast-page-background-enabled":"default","ast-page-background-meta":{"desktop":{"background-color":"var(--ast-global-color-5)","background-image":"","background-repeat":"repeat","background-position":"center center","background-size":"auto","background-attachment":"scroll","background-type":"","background-media":"","overlay-type":"","overlay-color":"","overlay-opacity":"","overlay-gradient":""},"tablet":{"background-color":"","background-image":"","background-repeat":"repeat","background-position":"center center","background-size":"auto","background-attachment":"scroll","background-type":"","background-media":"","overlay-type":"","overlay-color":"","overlay-opacity":"","overlay-gradient":""},"mobile":{"background-color":"","background-image":"","background-repeat":"repeat","background-position":"center center","background-size":"auto","background-attachment":"scroll","background-type":"","background-media":"","overlay-type":"","overlay-color":"","overlay-opacity":"","overlay-gradient":""}},"ast-content-background-meta":{"desktop":{"background-color":"var(--ast-global-color-4)","background-image":"","background-repeat":"repeat","background-position":"center center","background-size":"auto","background-attachment":"scroll","background-type":"","background-media":"","overlay-type":"","overlay-color":"","overlay-opacity":"","overlay-gradient":""},"tablet":{"background-color":"var(--ast-global-color-4)","background-image":"","background-repeat":"repeat","background-position":"center center","background-size":"auto","background-attachment":"scroll","background-type":"","background-media":"","overlay-type":"","overlay-color":"","overlay-opacity":"","overlay-gradient":""},"mobile":{"background-color":"var(--ast-global-color-4)","background-image":"","background-repeat":"repeat","background-position":"center center","background-size":"auto","background-attachment":"scroll","background-type":"","background-media":"","overlay-type":"","overlay-color":"","overlay-opacity":"","overlay-gradient":""}},"_joinchat":[],"footnotes":""},"class_list":["post-1518","page","type-page","status-publish","hentry"],"yoast_head":"<!-- This site is optimized with the Yoast SEO plugin v27.6 - https:\/\/yoast.com\/product\/yoast-seo-wordpress\/ -->\n<title>Privacy Policy - Casa vacanza Celle Ligure<\/title>\n<meta name=\"robots\" content=\"index, follow, max-snippet:-1, max-image-preview:large, max-video-preview:-1\" \/>\n<link rel=\"canonical\" href=\"https:\/\/millyrooms.it\/de\/privacy-policy\/\" \/>\n<meta property=\"og:locale\" content=\"de_DE\" \/>\n<meta property=\"og:type\" content=\"article\" \/>\n<meta property=\"og:title\" content=\"Privacy Policy - Casa vacanza Celle Ligure\" \/>\n<meta property=\"og:description\" content=\"Datenschutzrichtlinie Letzte Aktualisierung: 01.06.2025 Datum des Inkrafttretens: 01.06.2025 Diese Datenschutzrichtlinie beschreibt die Richtlinien von Milly Rooms, Via Meinardo, 6, Celle [&hellip;]\" \/>\n<meta property=\"og:url\" content=\"https:\/\/millyrooms.it\/de\/privacy-policy\/\" \/>\n<meta property=\"og:site_name\" content=\"Casa vacanza Celle Ligure\" \/>\n<meta property=\"article:modified_time\" content=\"2025-05-29T14:43:37+00:00\" \/>\n<meta name=\"twitter:card\" content=\"summary_large_image\" \/>\n<meta name=\"twitter:label1\" content=\"Gesch\u00e4tzte Lesezeit\" \/>\n\t<meta name=\"twitter:data1\" content=\"3\u00a0Minuten\" \/>\n<script type=\"application\/ld+json\" class=\"yoast-schema-graph\">{\"@context\":\"https:\\\/\\\/schema.org\",\"@graph\":[{\"@type\":\"WebPage\",\"@id\":\"https:\\\/\\\/millyrooms.it\\\/de\\\/privacy-policy\\\/\",\"url\":\"https:\\\/\\\/millyrooms.it\\\/de\\\/privacy-policy\\\/\",\"name\":\"Privacy Policy - Casa vacanza Celle Ligure\",\"isPartOf\":{\"@id\":\"https:\\\/\\\/millyrooms.it\\\/de\\\/#website\"},\"datePublished\":\"2025-04-03T10:15:40+00:00\",\"dateModified\":\"2025-05-29T14:43:37+00:00\",\"breadcrumb\":{\"@id\":\"https:\\\/\\\/millyrooms.it\\\/de\\\/privacy-policy\\\/#breadcrumb\"},\"inLanguage\":\"de\",\"potentialAction\":[{\"@type\":\"ReadAction\",\"target\":[\"https:\\\/\\\/millyrooms.it\\\/de\\\/privacy-policy\\\/\"]}]},{\"@type\":\"BreadcrumbList\",\"@id\":\"https:\\\/\\\/millyrooms.it\\\/de\\\/privacy-policy\\\/#breadcrumb\",\"itemListElement\":[{\"@type\":\"ListItem\",\"position\":1,\"name\":\"Home\",\"item\":\"https:\\\/\\\/millyrooms.it\\\/de\\\/\"},{\"@type\":\"ListItem\",\"position\":2,\"name\":\"Privacy Policy\"}]},{\"@type\":\"WebSite\",\"@id\":\"https:\\\/\\\/millyrooms.it\\\/de\\\/#website\",\"url\":\"https:\\\/\\\/millyrooms.it\\\/de\\\/\",\"name\":\"Casa vacanza Celle Ligure\",\"description\":\"\",\"publisher\":{\"@id\":\"https:\\\/\\\/millyrooms.it\\\/de\\\/#organization\"},\"potentialAction\":[{\"@type\":\"SearchAction\",\"target\":{\"@type\":\"EntryPoint\",\"urlTemplate\":\"https:\\\/\\\/millyrooms.it\\\/de\\\/?s={search_term_string}\"},\"query-input\":{\"@type\":\"PropertyValueSpecification\",\"valueRequired\":true,\"valueName\":\"search_term_string\"}}],\"inLanguage\":\"de\"},{\"@type\":\"Organization\",\"@id\":\"https:\\\/\\\/millyrooms.it\\\/de\\\/#organization\",\"name\":\"Casa vacanza Celle Ligure\",\"url\":\"https:\\\/\\\/millyrooms.it\\\/de\\\/\",\"logo\":{\"@type\":\"ImageObject\",\"inLanguage\":\"de\",\"@id\":\"https:\\\/\\\/millyrooms.it\\\/de\\\/#\\\/schema\\\/logo\\\/image\\\/\",\"url\":\"https:\\\/\\\/millyrooms.it\\\/wp-content\\\/uploads\\\/2025\\\/05\\\/logo-milly-azzurro.png\",\"contentUrl\":\"https:\\\/\\\/millyrooms.it\\\/wp-content\\\/uploads\\\/2025\\\/05\\\/logo-milly-azzurro.png\",\"width\":1480,\"height\":378,\"caption\":\"Casa vacanza Celle Ligure\"},\"image\":{\"@id\":\"https:\\\/\\\/millyrooms.it\\\/de\\\/#\\\/schema\\\/logo\\\/image\\\/\"}}]}<\/script>\n<!-- \/ Yoast SEO plugin. -->","yoast_head_json":{"title":"Privacy Policy - Casa vacanza Celle Ligure","robots":{"index":"index","follow":"follow","max-snippet":"max-snippet:-1","max-image-preview":"max-image-preview:large","max-video-preview":"max-video-preview:-1"},"canonical":"https:\/\/millyrooms.it\/de\/privacy-policy\/","og_locale":"de_DE","og_type":"article","og_title":"Privacy Policy - Casa vacanza Celle Ligure","og_description":"Datenschutzrichtlinie Letzte Aktualisierung: 01.06.2025 Datum des Inkrafttretens: 01.06.2025 Diese Datenschutzrichtlinie beschreibt die Richtlinien von Milly Rooms, Via Meinardo, 6, Celle [&hellip;]","og_url":"https:\/\/millyrooms.it\/de\/privacy-policy\/","og_site_name":"Casa vacanza Celle Ligure","article_modified_time":"2025-05-29T14:43:37+00:00","twitter_card":"summary_large_image","twitter_misc":{"Gesch\u00e4tzte Lesezeit":"3\u00a0Minuten"},"schema":{"@context":"https:\/\/schema.org","@graph":[{"@type":"WebPage","@id":"https:\/\/millyrooms.it\/de\/privacy-policy\/","url":"https:\/\/millyrooms.it\/de\/privacy-policy\/","name":"Privacy Policy - Casa vacanza Celle Ligure","isPartOf":{"@id":"https:\/\/millyrooms.it\/de\/#website"},"datePublished":"2025-04-03T10:15:40+00:00","dateModified":"2025-05-29T14:43:37+00:00","breadcrumb":{"@id":"https:\/\/millyrooms.it\/de\/privacy-policy\/#breadcrumb"},"inLanguage":"de","potentialAction":[{"@type":"ReadAction","target":["https:\/\/millyrooms.it\/de\/privacy-policy\/"]}]},{"@type":"BreadcrumbList","@id":"https:\/\/millyrooms.it\/de\/privacy-policy\/#breadcrumb","itemListElement":[{"@type":"ListItem","position":1,"name":"Home","item":"https:\/\/millyrooms.it\/de\/"},{"@type":"ListItem","position":2,"name":"Privacy Policy"}]},{"@type":"WebSite","@id":"https:\/\/millyrooms.it\/de\/#website","url":"https:\/\/millyrooms.it\/de\/","name":"Casa vacanza Celle Ligure","description":"","publisher":{"@id":"https:\/\/millyrooms.it\/de\/#organization"},"potentialAction":[{"@type":"SearchAction","target":{"@type":"EntryPoint","urlTemplate":"https:\/\/millyrooms.it\/de\/?s={search_term_string}"},"query-input":{"@type":"PropertyValueSpecification","valueRequired":true,"valueName":"search_term_string"}}],"inLanguage":"de"},{"@type":"Organization","@id":"https:\/\/millyrooms.it\/de\/#organization","name":"Casa vacanza Celle Ligure","url":"https:\/\/millyrooms.it\/de\/","logo":{"@type":"ImageObject","inLanguage":"de","@id":"https:\/\/millyrooms.it\/de\/#\/schema\/logo\/image\/","url":"https:\/\/millyrooms.it\/wp-content\/uploads\/2025\/05\/logo-milly-azzurro.png","contentUrl":"https:\/\/millyrooms.it\/wp-content\/uploads\/2025\/05\/logo-milly-azzurro.png","width":1480,"height":378,"caption":"Casa vacanza Celle Ligure"},"image":{"@id":"https:\/\/millyrooms.it\/de\/#\/schema\/logo\/image\/"}}]}},"uagb_featured_image_src":{"full":false,"thumbnail":false,"medium":false,"medium_large":false,"large":false,"1536x1536":false,"2048x2048":false},"uagb_author_info":{"display_name":"admin","author_link":"https:\/\/millyrooms.it\/de\/author\/dueclic\/"},"uagb_comment_info":0,"uagb_excerpt":"Datenschutzrichtlinie Letzte Aktualisierung: 01.06.2025 Datum des Inkrafttretens: 01.06.2025 Diese Datenschutzrichtlinie beschreibt die Richtlinien von Milly Rooms, Via Meinardo, 6, Celle [&hellip;]","_links":{"self":[{"href":"https:\/\/millyrooms.it\/de\/wp-json\/wp\/v2\/pages\/1518","targetHints":{"allow":["GET"]}}],"collection":[{"href":"https:\/\/millyrooms.it\/de\/wp-json\/wp\/v2\/pages"}],"about":[{"href":"https:\/\/millyrooms.it\/de\/wp-json\/wp\/v2\/types\/page"}],"author":[{"embeddable":true,"href":"https:\/\/millyrooms.it\/de\/wp-json\/wp\/v2\/users\/1"}],"replies":[{"embeddable":true,"href":"https:\/\/millyrooms.it\/de\/wp-json\/wp\/v2\/comments?post=1518"}],"version-history":[{"count":1,"href":"https:\/\/millyrooms.it\/de\/wp-json\/wp\/v2\/pages\/1518\/revisions"}],"predecessor-version":[{"id":1519,"href":"https:\/\/millyrooms.it\/de\/wp-json\/wp\/v2\/pages\/1518\/revisions\/1519"}],"wp:attachment":[{"href":"https:\/\/millyrooms.it\/de\/wp-json\/wp\/v2\/media?parent=1518"}],"curies":[{"name":"wp","href":"https:\/\/api.w.org\/{rel}","templated":true}]}}