{"id":1508,"date":"2025-05-29T12:51:23","date_gmt":"2025-05-29T12:51:23","guid":{"rendered":"https:\/\/millyrooms.it\/cookie-policy\/"},"modified":"2025-05-29T13:20:31","modified_gmt":"2025-05-29T13:20:31","slug":"cookie-policy","status":"publish","type":"page","link":"https:\/\/millyrooms.it\/de\/cookie-policy\/","title":{"rendered":"Cookie Policy<br>"},"content":{"rendered":"\n<div class=\"wp-block-uagb-container uagb-block-2a644fac alignfull uagb-is-root-container\"><div class=\"uagb-container-inner-blocks-wrap\">\n<style>\n    a.cky-banner-element {\n        padding: 8px 30px;\n        background: #F8F9FA;\n        color: #858A8F;\n        border: 1px solid #DEE2E6;\n        box-sizing: border-box;\n        border-radius: 2px;\n        cursor: pointer;\n}\n<\/style>\n<h1 class=\"cookie-policy-h1\">Cookie-Richtlinie<\/h1>\n<p>\n G\u00fcltig ab: 01.06.2025<br\/>Letzte Aktualisierung: 01.06.2025\n<\/p>\n\n \n<h5>Was sind Cookies?<\/h5>\n<div class=\"cookie-policy-p\"><p>Diese Cookie-Richtlinie erkl\u00e4rt, was Cookies sind und wie wir sie verwenden, welche Arten von Cookies wir verwenden, welche Informationen wir mithilfe von Cookies erfassen und wie diese verwendet werden und wie Sie die Cookie-Einstellungen verwalten.<\/p> <p>Cookies sind kleine Textdateien, in denen kleine Informationen gespeichert werden. Sie werden auf Ihrem Ger\u00e4t gespeichert, wenn die Website in Ihrem Browser geladen wird. Diese Cookies helfen uns dabei, die ordnungsgem\u00e4\u00dfe Funktion der Website zu gew\u00e4hrleisten, sie sicherer zu machen, ein besseres Nutzererlebnis zu bieten, die Leistung der Website zu verstehen und zu analysieren, was funktioniert und wo Verbesserungsbedarf besteht.  <\/p><\/div>\n\n \n<h5>Wie verwenden wir Cookies?<\/h5>\n<div class=\"cookie-policy-p\"><p>Wie die meisten Online-Dienste verwendet auch unsere Website Erstanbieter- und Drittanbieter-Cookies f\u00fcr verschiedene Zwecke. Erstanbieter-Cookies sind f\u00fcr die ordnungsgem\u00e4\u00dfe Funktion der Website meist erforderlich und erfassen keine personenbezogenen Daten. <\/p> <p>Die auf unserer Website verwendeten Cookies von Drittanbietern dienen haupts\u00e4chlich dazu, die Leistung der Website und Ihre Interaktion mit unserer Website zu verstehen, die Sicherheit unserer Dienste zu gew\u00e4hrleisten, Ihnen relevante Werbung anzuzeigen und Ihnen insgesamt ein besseres Nutzererlebnis zu bieten und Ihre zuk\u00fcnftigen Interaktionen mit unserer Website zu beschleunigen.<\/p><\/div>\n\n \n<h5>Von uns verwendete Cookie-Arten<\/h5>\n\n<div class=\"cky-audit-table-element\"><\/div>\n\n \n<h5 style=\"margin-bottom:20px;\">Cookie-Einstellungen verwalten<\/h5>\n\n<a class=\"cky-banner-element\">Cookie-Einstellungen<\/a> <br\/>\n<div><p>Sie k\u00f6nnen Ihre Cookie-Einstellungen jederzeit \u00e4ndern, indem Sie auf die Schaltfl\u00e4che oben klicken. Dadurch k\u00f6nnen Sie das Cookie-Einwilligungsbanner erneut aufrufen und Ihre Einstellungen \u00e4ndern oder Ihre Einwilligung sofort widerrufen. <\/p> <p>Dar\u00fcber hinaus bieten verschiedene Browser unterschiedliche Methoden zum Blockieren und L\u00f6schen von Cookies, die von Websites verwendet werden. Sie k\u00f6nnen die Einstellungen Ihres Browsers \u00e4ndern, um Cookies zu blockieren\/l\u00f6schen. Nachfolgend finden Sie Links zu den Supportdokumenten zum Verwalten und L\u00f6schen von Cookies in den wichtigsten Webbrowsern.  <\/p> <p>Chrome: <a target=\"_blank\" href=\"https:\/\/support.google.com\/accounts\/answer\/32050\">https:\/\/support.google.com\/accounts\/answer\/32050<\/a><\/p><p>Safari: <a target=\"_blank\" href=\"https:\/\/support.apple.com\/en-in\/guide\/safari\/sfri11471\/mac\">https:\/\/support.apple.com\/en-in\/guide\/safari\/sfri11471\/mac<\/a><\/p><p>Firefox: <a target=\"_blank\" href=\"https:\/\/support.mozilla.org\/en-US\/kb\/clear-cookies-and-site-data-firefox?redirectslug=delete-cookies-remove-info-websites-stored&#038;redirectlocale=en-US\">https:\/\/support.mozilla.org\/en-US\/kb\/clear-cookies-and-site-data-firefox?redirectslug=delete-cookies-remove-info-websites-stored&#038;redirectlocale=en-US<\/a><\/p><p>Internet Explorer: <a target=\"_blank\" href=\"https:\/\/support.microsoft.com\/en-us\/topic\/how-to-delete-cookie-files-in-internet-explorer-bca9446f-d873-78de-77ba-d42645fa52fc\">https:\/\/support.microsoft.com\/en-us\/topic\/how-to-delete-cookie-files-in-internet-explorer-bca9446f-d873-78de-77ba-d42645fa52fc<\/a><\/p><p>Wenn Sie einen anderen Webbrowser verwenden, lesen Sie bitte die offiziellen Supportdokumente Ihres Browsers.<\/p><\/div>\n\n<\/div><\/div>\n","protected":false},"excerpt":{"rendered":"<p>Cookie-Richtlinie G\u00fcltig ab: 01.06.2025Letzte Aktualisierung: 01.06.2025 Was sind Cookies? Diese Cookie-Richtlinie erkl\u00e4rt, was Cookies sind und wie wir sie verwenden, [&hellip;]<\/p>\n","protected":false},"author":3,"featured_media":0,"parent":0,"menu_order":0,"comment_status":"closed","ping_status":"closed","template":"","meta":{"_uag_custom_page_level_css":"","site-sidebar-layout":"default","site-content-layout":"","ast-site-content-layout":"default","site-content-style":"default","site-sidebar-style":"default","ast-global-header-display":"","ast-banner-title-visibility":"","ast-main-header-display":"","ast-hfb-above-header-display":"","ast-hfb-below-header-display":"","ast-hfb-mobile-header-display":"","site-post-title":"disabled","ast-breadcrumbs-content":"","ast-featured-img":"","footer-sml-layout":"","theme-transparent-header-meta":"","adv-header-id-meta":"","stick-header-meta":"","header-above-stick-meta":"","header-main-stick-meta":"","header-below-stick-meta":"","astra-migrate-meta-layouts":"default","ast-page-background-enabled":"default","ast-page-background-meta":{"desktop":{"background-color":"var(--ast-global-color-5)","background-image":"","background-repeat":"repeat","background-position":"center center","background-size":"auto","background-attachment":"scroll","background-type":"","background-media":"","overlay-type":"","overlay-color":"","overlay-opacity":"","overlay-gradient":""},"tablet":{"background-color":"","background-image":"","background-repeat":"repeat","background-position":"center center","background-size":"auto","background-attachment":"scroll","background-type":"","background-media":"","overlay-type":"","overlay-color":"","overlay-opacity":"","overlay-gradient":""},"mobile":{"background-color":"","background-image":"","background-repeat":"repeat","background-position":"center center","background-size":"auto","background-attachment":"scroll","background-type":"","background-media":"","overlay-type":"","overlay-color":"","overlay-opacity":"","overlay-gradient":""}},"ast-content-background-meta":{"desktop":{"background-color":"var(--ast-global-color-4)","background-image":"","background-repeat":"repeat","background-position":"center center","background-size":"auto","background-attachment":"scroll","background-type":"","background-media":"","overlay-type":"","overlay-color":"","overlay-opacity":"","overlay-gradient":""},"tablet":{"background-color":"var(--ast-global-color-4)","background-image":"","background-repeat":"repeat","background-position":"center center","background-size":"auto","background-attachment":"scroll","background-type":"","background-media":"","overlay-type":"","overlay-color":"","overlay-opacity":"","overlay-gradient":""},"mobile":{"background-color":"var(--ast-global-color-4)","background-image":"","background-repeat":"repeat","background-position":"center center","background-size":"auto","background-attachment":"scroll","background-type":"","background-media":"","overlay-type":"","overlay-color":"","overlay-opacity":"","overlay-gradient":""}},"_joinchat":[],"footnotes":""},"class_list":["post-1508","page","type-page","status-publish","hentry"],"yoast_head":"<!-- This site is optimized with the Yoast SEO plugin v27.6 - https:\/\/yoast.com\/product\/yoast-seo-wordpress\/ -->\n<title>Cookie Policy - Casa vacanza Celle Ligure<\/title>\n<meta name=\"robots\" content=\"index, follow, max-snippet:-1, max-image-preview:large, max-video-preview:-1\" \/>\n<link rel=\"canonical\" href=\"https:\/\/millyrooms.it\/de\/cookie-policy\/\" \/>\n<meta property=\"og:locale\" content=\"de_DE\" \/>\n<meta property=\"og:type\" content=\"article\" \/>\n<meta property=\"og:title\" content=\"Cookie Policy - Casa vacanza Celle Ligure\" \/>\n<meta property=\"og:description\" content=\"Cookie-Richtlinie G\u00fcltig ab: 01.06.2025Letzte Aktualisierung: 01.06.2025 Was sind Cookies? Diese Cookie-Richtlinie erkl\u00e4rt, was Cookies sind und wie wir sie verwenden, [&hellip;]\" \/>\n<meta property=\"og:url\" content=\"https:\/\/millyrooms.it\/de\/cookie-policy\/\" \/>\n<meta property=\"og:site_name\" content=\"Casa vacanza Celle Ligure\" \/>\n<meta property=\"article:modified_time\" content=\"2025-05-29T13:20:31+00:00\" \/>\n<meta name=\"twitter:card\" content=\"summary_large_image\" \/>\n<meta name=\"twitter:label1\" content=\"Gesch\u00e4tzte Lesezeit\" \/>\n\t<meta name=\"twitter:data1\" content=\"2\u00a0Minuten\" \/>\n<script type=\"application\/ld+json\" class=\"yoast-schema-graph\">{\"@context\":\"https:\\\/\\\/schema.org\",\"@graph\":[{\"@type\":\"WebPage\",\"@id\":\"https:\\\/\\\/millyrooms.it\\\/de\\\/cookie-policy\\\/\",\"url\":\"https:\\\/\\\/millyrooms.it\\\/de\\\/cookie-policy\\\/\",\"name\":\"Cookie Policy - Casa vacanza Celle Ligure\",\"isPartOf\":{\"@id\":\"https:\\\/\\\/millyrooms.it\\\/de\\\/#website\"},\"datePublished\":\"2025-05-29T12:51:23+00:00\",\"dateModified\":\"2025-05-29T13:20:31+00:00\",\"breadcrumb\":{\"@id\":\"https:\\\/\\\/millyrooms.it\\\/de\\\/cookie-policy\\\/#breadcrumb\"},\"inLanguage\":\"de\",\"potentialAction\":[{\"@type\":\"ReadAction\",\"target\":[\"https:\\\/\\\/millyrooms.it\\\/de\\\/cookie-policy\\\/\"]}]},{\"@type\":\"BreadcrumbList\",\"@id\":\"https:\\\/\\\/millyrooms.it\\\/de\\\/cookie-policy\\\/#breadcrumb\",\"itemListElement\":[{\"@type\":\"ListItem\",\"position\":1,\"name\":\"Home\",\"item\":\"https:\\\/\\\/millyrooms.it\\\/de\\\/\"},{\"@type\":\"ListItem\",\"position\":2,\"name\":\"Cookie Policy\"}]},{\"@type\":\"WebSite\",\"@id\":\"https:\\\/\\\/millyrooms.it\\\/de\\\/#website\",\"url\":\"https:\\\/\\\/millyrooms.it\\\/de\\\/\",\"name\":\"Casa vacanza Celle Ligure\",\"description\":\"\",\"publisher\":{\"@id\":\"https:\\\/\\\/millyrooms.it\\\/de\\\/#organization\"},\"potentialAction\":[{\"@type\":\"SearchAction\",\"target\":{\"@type\":\"EntryPoint\",\"urlTemplate\":\"https:\\\/\\\/millyrooms.it\\\/de\\\/?s={search_term_string}\"},\"query-input\":{\"@type\":\"PropertyValueSpecification\",\"valueRequired\":true,\"valueName\":\"search_term_string\"}}],\"inLanguage\":\"de\"},{\"@type\":\"Organization\",\"@id\":\"https:\\\/\\\/millyrooms.it\\\/de\\\/#organization\",\"name\":\"Casa vacanza Celle Ligure\",\"url\":\"https:\\\/\\\/millyrooms.it\\\/de\\\/\",\"logo\":{\"@type\":\"ImageObject\",\"inLanguage\":\"de\",\"@id\":\"https:\\\/\\\/millyrooms.it\\\/de\\\/#\\\/schema\\\/logo\\\/image\\\/\",\"url\":\"https:\\\/\\\/millyrooms.it\\\/wp-content\\\/uploads\\\/2025\\\/05\\\/logo-milly-azzurro.png\",\"contentUrl\":\"https:\\\/\\\/millyrooms.it\\\/wp-content\\\/uploads\\\/2025\\\/05\\\/logo-milly-azzurro.png\",\"width\":1480,\"height\":378,\"caption\":\"Casa vacanza Celle Ligure\"},\"image\":{\"@id\":\"https:\\\/\\\/millyrooms.it\\\/de\\\/#\\\/schema\\\/logo\\\/image\\\/\"}}]}<\/script>\n<!-- \/ Yoast SEO plugin. -->","yoast_head_json":{"title":"Cookie Policy - Casa vacanza Celle Ligure","robots":{"index":"index","follow":"follow","max-snippet":"max-snippet:-1","max-image-preview":"max-image-preview:large","max-video-preview":"max-video-preview:-1"},"canonical":"https:\/\/millyrooms.it\/de\/cookie-policy\/","og_locale":"de_DE","og_type":"article","og_title":"Cookie Policy - Casa vacanza Celle Ligure","og_description":"Cookie-Richtlinie G\u00fcltig ab: 01.06.2025Letzte Aktualisierung: 01.06.2025 Was sind Cookies? Diese Cookie-Richtlinie erkl\u00e4rt, was Cookies sind und wie wir sie verwenden, [&hellip;]","og_url":"https:\/\/millyrooms.it\/de\/cookie-policy\/","og_site_name":"Casa vacanza Celle Ligure","article_modified_time":"2025-05-29T13:20:31+00:00","twitter_card":"summary_large_image","twitter_misc":{"Gesch\u00e4tzte Lesezeit":"2\u00a0Minuten"},"schema":{"@context":"https:\/\/schema.org","@graph":[{"@type":"WebPage","@id":"https:\/\/millyrooms.it\/de\/cookie-policy\/","url":"https:\/\/millyrooms.it\/de\/cookie-policy\/","name":"Cookie Policy - Casa vacanza Celle Ligure","isPartOf":{"@id":"https:\/\/millyrooms.it\/de\/#website"},"datePublished":"2025-05-29T12:51:23+00:00","dateModified":"2025-05-29T13:20:31+00:00","breadcrumb":{"@id":"https:\/\/millyrooms.it\/de\/cookie-policy\/#breadcrumb"},"inLanguage":"de","potentialAction":[{"@type":"ReadAction","target":["https:\/\/millyrooms.it\/de\/cookie-policy\/"]}]},{"@type":"BreadcrumbList","@id":"https:\/\/millyrooms.it\/de\/cookie-policy\/#breadcrumb","itemListElement":[{"@type":"ListItem","position":1,"name":"Home","item":"https:\/\/millyrooms.it\/de\/"},{"@type":"ListItem","position":2,"name":"Cookie Policy"}]},{"@type":"WebSite","@id":"https:\/\/millyrooms.it\/de\/#website","url":"https:\/\/millyrooms.it\/de\/","name":"Casa vacanza Celle Ligure","description":"","publisher":{"@id":"https:\/\/millyrooms.it\/de\/#organization"},"potentialAction":[{"@type":"SearchAction","target":{"@type":"EntryPoint","urlTemplate":"https:\/\/millyrooms.it\/de\/?s={search_term_string}"},"query-input":{"@type":"PropertyValueSpecification","valueRequired":true,"valueName":"search_term_string"}}],"inLanguage":"de"},{"@type":"Organization","@id":"https:\/\/millyrooms.it\/de\/#organization","name":"Casa vacanza Celle Ligure","url":"https:\/\/millyrooms.it\/de\/","logo":{"@type":"ImageObject","inLanguage":"de","@id":"https:\/\/millyrooms.it\/de\/#\/schema\/logo\/image\/","url":"https:\/\/millyrooms.it\/wp-content\/uploads\/2025\/05\/logo-milly-azzurro.png","contentUrl":"https:\/\/millyrooms.it\/wp-content\/uploads\/2025\/05\/logo-milly-azzurro.png","width":1480,"height":378,"caption":"Casa vacanza Celle Ligure"},"image":{"@id":"https:\/\/millyrooms.it\/de\/#\/schema\/logo\/image\/"}}]}},"uagb_featured_image_src":{"full":false,"thumbnail":false,"medium":false,"medium_large":false,"large":false,"1536x1536":false,"2048x2048":false},"uagb_author_info":{"display_name":"alessandro.arecco","author_link":"https:\/\/millyrooms.it\/de\/author\/alessandro-arecco\/"},"uagb_comment_info":0,"uagb_excerpt":"Cookie-Richtlinie G\u00fcltig ab: 01.06.2025Letzte Aktualisierung: 01.06.2025 Was sind Cookies? Diese Cookie-Richtlinie erkl\u00e4rt, was Cookies sind und wie wir sie verwenden, [&hellip;]","_links":{"self":[{"href":"https:\/\/millyrooms.it\/de\/wp-json\/wp\/v2\/pages\/1508","targetHints":{"allow":["GET"]}}],"collection":[{"href":"https:\/\/millyrooms.it\/de\/wp-json\/wp\/v2\/pages"}],"about":[{"href":"https:\/\/millyrooms.it\/de\/wp-json\/wp\/v2\/types\/page"}],"author":[{"embeddable":true,"href":"https:\/\/millyrooms.it\/de\/wp-json\/wp\/v2\/users\/3"}],"replies":[{"embeddable":true,"href":"https:\/\/millyrooms.it\/de\/wp-json\/wp\/v2\/comments?post=1508"}],"version-history":[{"count":1,"href":"https:\/\/millyrooms.it\/de\/wp-json\/wp\/v2\/pages\/1508\/revisions"}],"predecessor-version":[{"id":1509,"href":"https:\/\/millyrooms.it\/de\/wp-json\/wp\/v2\/pages\/1508\/revisions\/1509"}],"wp:attachment":[{"href":"https:\/\/millyrooms.it\/de\/wp-json\/wp\/v2\/media?parent=1508"}],"curies":[{"name":"wp","href":"https:\/\/api.w.org\/{rel}","templated":true}]}}